{"id":857,"date":"2023-11-20T11:01:33","date_gmt":"2023-11-20T10:01:33","guid":{"rendered":"https:\/\/barmarfil.rwdesarrollos.es\/erklaerung-zur-zugaenglichkeit\/"},"modified":"2023-12-13T12:07:51","modified_gmt":"2023-12-13T11:07:51","slug":"erklaerung-zur-zugaenglichkeit","status":"publish","type":"page","link":"https:\/\/barmarfil.es\/de\/erklaerung-zur-zugaenglichkeit\/","title":{"rendered":"Erkl\u00e4rung zur Zug\u00e4nglichkeit"},"content":{"rendered":"\t\t<div data-elementor-type=\"wp-page\" data-elementor-id=\"857\" class=\"elementor elementor-857 elementor-274\" data-elementor-post-type=\"page\">\n\t\t\t\t\t\t\t<div class=\"elementor-element elementor-element-3c55e67 e-flex e-con-boxed e-con e-parent\" data-id=\"3c55e67\" data-element_type=\"container\" data-settings=\"{&quot;content_width&quot;:&quot;boxed&quot;}\" data-core-v316-plus=\"true\">\n\t\t\t\t\t<div class=\"e-con-inner\">\n\t\t\t\t<div class=\"elementor-element elementor-element-52a0bd3 welcome elementor-widget elementor-widget-heading\" data-id=\"52a0bd3\" data-element_type=\"widget\" data-widget_type=\"heading.default\">\n\t\t\t\t<div class=\"elementor-widget-container\">\n\t\t\t<style>\/*! elementor - v3.18.0 - 20-12-2023 *\/\n.elementor-heading-title{padding:0;margin:0;line-height:1}.elementor-widget-heading .elementor-heading-title[class*=elementor-size-]>a{color:inherit;font-size:inherit;line-height:inherit}.elementor-widget-heading .elementor-heading-title.elementor-size-small{font-size:15px}.elementor-widget-heading .elementor-heading-title.elementor-size-medium{font-size:19px}.elementor-widget-heading .elementor-heading-title.elementor-size-large{font-size:29px}.elementor-widget-heading .elementor-heading-title.elementor-size-xl{font-size:39px}.elementor-widget-heading .elementor-heading-title.elementor-size-xxl{font-size:59px}<\/style><span class=\"elementor-heading-title elementor-size-default\">BAR MARFIL<\/span>\t\t<\/div>\n\t\t\t\t<\/div>\n\t\t\t\t<div class=\"elementor-element elementor-element-839ca3d elementor-widget elementor-widget-text-editor\" data-id=\"839ca3d\" data-element_type=\"widget\" data-widget_type=\"text-editor.default\">\n\t\t\t\t<div class=\"elementor-widget-container\">\n\t\t\t<style>\/*! elementor - v3.18.0 - 20-12-2023 *\/\n.elementor-widget-text-editor.elementor-drop-cap-view-stacked .elementor-drop-cap{background-color:#69727d;color:#fff}.elementor-widget-text-editor.elementor-drop-cap-view-framed .elementor-drop-cap{color:#69727d;border:3px solid;background-color:transparent}.elementor-widget-text-editor:not(.elementor-drop-cap-view-default) .elementor-drop-cap{margin-top:8px}.elementor-widget-text-editor:not(.elementor-drop-cap-view-default) .elementor-drop-cap-letter{width:1em;height:1em}.elementor-widget-text-editor .elementor-drop-cap{float:left;text-align:center;line-height:1;font-size:50px}.elementor-widget-text-editor .elementor-drop-cap-letter{display:inline-block}<\/style>\t\t\t\t<p>Erkl\u00e4rung zur Zug\u00e4nglichkeit<\/p>\n\t\t\t\t\t\t<\/div>\n\t\t\t\t<\/div>\n\t\t\t\t\t<\/div>\n\t\t\t\t<\/div>\n\t\t<div class=\"elementor-element elementor-element-be5d339 e-flex e-con-boxed e-con e-parent\" data-id=\"be5d339\" data-element_type=\"container\" data-settings=\"{&quot;content_width&quot;:&quot;boxed&quot;}\" data-core-v316-plus=\"true\">\n\t\t\t\t\t<div class=\"e-con-inner\">\n\t\t\t\t<div class=\"elementor-element elementor-element-b2d8ee9 elementor-widget elementor-widget-spacer\" data-id=\"b2d8ee9\" data-element_type=\"widget\" data-widget_type=\"spacer.default\">\n\t\t\t\t<div class=\"elementor-widget-container\">\n\t\t\t<style>\/*! elementor - v3.18.0 - 20-12-2023 *\/\n.elementor-column .elementor-spacer-inner{height:var(--spacer-size)}.e-con{--container-widget-width:100%}.e-con-inner>.elementor-widget-spacer,.e-con>.elementor-widget-spacer{width:var(--container-widget-width,var(--spacer-size));--align-self:var(--container-widget-align-self,initial);--flex-shrink:0}.e-con-inner>.elementor-widget-spacer>.elementor-widget-container,.e-con>.elementor-widget-spacer>.elementor-widget-container{height:100%;width:100%}.e-con-inner>.elementor-widget-spacer>.elementor-widget-container>.elementor-spacer,.e-con>.elementor-widget-spacer>.elementor-widget-container>.elementor-spacer{height:100%}.e-con-inner>.elementor-widget-spacer>.elementor-widget-container>.elementor-spacer>.elementor-spacer-inner,.e-con>.elementor-widget-spacer>.elementor-widget-container>.elementor-spacer>.elementor-spacer-inner{height:var(--container-widget-height,var(--spacer-size))}.e-con-inner>.elementor-widget-spacer.elementor-widget-empty,.e-con>.elementor-widget-spacer.elementor-widget-empty{position:relative;min-height:22px;min-width:22px}.e-con-inner>.elementor-widget-spacer.elementor-widget-empty .elementor-widget-empty-icon,.e-con>.elementor-widget-spacer.elementor-widget-empty .elementor-widget-empty-icon{position:absolute;top:0;bottom:0;left:0;right:0;margin:auto;padding:0;width:22px;height:22px}<\/style>\t\t<div class=\"elementor-spacer\">\n\t\t\t<div class=\"elementor-spacer-inner\"><\/div>\n\t\t<\/div>\n\t\t\t\t<\/div>\n\t\t\t\t<\/div>\n\t\t\t\t\t<\/div>\n\t\t\t\t<\/div>\n\t\t<div class=\"elementor-element elementor-element-e989ec0 e-flex e-con-boxed e-con e-parent\" data-id=\"e989ec0\" data-element_type=\"container\" data-settings=\"{&quot;content_width&quot;:&quot;boxed&quot;}\" data-core-v316-plus=\"true\">\n\t\t\t\t\t<div class=\"e-con-inner\">\n\t\t\t\t<div class=\"elementor-element elementor-element-4cad524 elementor-widget elementor-widget-text-editor\" data-id=\"4cad524\" data-element_type=\"widget\" data-widget_type=\"text-editor.default\">\n\t\t\t\t<div class=\"elementor-widget-container\">\n\t\t\t\t\t\t\t<p data-orginal-font-size=\"20\" data-orginal-line-height=\"30\" data-orginal-letter-spacing=\"0\">Die Agentur Bar Marfil hat sich verpflichtet, die URLs gem\u00e4\u00df dem K\u00f6niglichen Erlass 1112\/2018 vom 7. September \u00fcber die Zug\u00e4nglichkeit von Websites und Anwendungen des \u00f6ffentlichen Sektors f\u00fcr mobile Ger\u00e4te zug\u00e4nglich zu machen.<\/p>\n<p data-orginal-font-size=\"20\" data-orginal-line-height=\"30\" data-orginal-letter-spacing=\"0\">Diese Erkl\u00e4rung zur Barrierefreiheit gilt f\u00fcr die Website URL<\/p>\n<p data-orginal-font-size=\"20\" data-orginal-line-height=\"30\" data-orginal-letter-spacing=\"0\">Diese Website entspricht vollst\u00e4ndig der RD 1112\/2018.<\/p>\n<p data-orginal-font-size=\"20\" data-orginal-line-height=\"30\" data-orginal-letter-spacing=\"0\">Diese Erkl\u00e4rung wurde am 20. November 2023 erstellt. Die Methode zur Erstellung der Erkl\u00e4rung war eine Selbstbewertung, die von der Agentur selbst durchgef\u00fchrt wurde.<\/p>\n<p data-orginal-font-size=\"20\" data-orginal-line-height=\"30\" data-orginal-letter-spacing=\"0\">Letzte \u00dcberarbeitung der Erkl\u00e4rung: 20. November 2023.<\/p>\n\t\t\t\t\t\t<\/div>\n\t\t\t\t<\/div>\n\t\t\t\t<div class=\"elementor-element elementor-element-2cae2dc elementor-widget elementor-widget-spacer\" data-id=\"2cae2dc\" data-element_type=\"widget\" data-widget_type=\"spacer.default\">\n\t\t\t\t<div class=\"elementor-widget-container\">\n\t\t\t\t\t<div class=\"elementor-spacer\">\n\t\t\t<div class=\"elementor-spacer-inner\"><\/div>\n\t\t<\/div>\n\t\t\t\t<\/div>\n\t\t\t\t<\/div>\n\t\t\t\t\t<\/div>\n\t\t\t\t<\/div>\n\t\t\t\t\t\t\t<\/div>\n\t\t","protected":false},"excerpt":{"rendered":"<p>BAR MARFIL Erkl\u00e4rung zur Zug\u00e4nglichkeit Die Agentur Bar Marfil hat sich verpflichtet, die URLs gem\u00e4\u00df dem K\u00f6niglichen Erlass 1112\/2018 vom 7. September \u00fcber die Zug\u00e4nglichkeit von Websites und Anwendungen des \u00f6ffentlichen Sektors f\u00fcr mobile Ger\u00e4te zug\u00e4nglich zu machen. Diese Erkl\u00e4rung zur Barrierefreiheit gilt f\u00fcr die Website URL Diese Website entspricht vollst\u00e4ndig der RD 1112\/2018. Diese &hellip;<\/p>\n<p class=\"read-more\"> <a class=\"\" href=\"https:\/\/barmarfil.es\/de\/erklaerung-zur-zugaenglichkeit\/\"> <span class=\"screen-reader-text\">Erkl\u00e4rung zur Zug\u00e4nglichkeit<\/span> Weiterlesen &raquo;<\/a><\/p>\n","protected":false},"author":1,"featured_media":0,"parent":0,"menu_order":0,"comment_status":"closed","ping_status":"closed","template":"","meta":{"site-sidebar-layout":"no-sidebar","site-content-layout":"","ast-site-content-layout":"","site-content-style":"default","site-sidebar-style":"default","ast-global-header-display":"","ast-banner-title-visibility":"","ast-main-header-display":"","ast-hfb-above-header-display":"","ast-hfb-below-header-display":"","ast-hfb-mobile-header-display":"","site-post-title":"disabled","ast-breadcrumbs-content":"","ast-featured-img":"disabled","footer-sml-layout":"","theme-transparent-header-meta":"","adv-header-id-meta":"","stick-header-meta":"","header-above-stick-meta":"","header-main-stick-meta":"","header-below-stick-meta":"","astra-migrate-meta-layouts":"","ast-page-background-enabled":"default","ast-page-background-meta":{"desktop":{"background-color":"var(--ast-global-color-4)","background-image":"","background-repeat":"repeat","background-position":"center center","background-size":"auto","background-attachment":"scroll","background-type":"","background-media":"","overlay-type":"","overlay-color":"","overlay-gradient":""},"tablet":{"background-color":"","background-image":"","background-repeat":"repeat","background-position":"center center","background-size":"auto","background-attachment":"scroll","background-type":"","background-media":"","overlay-type":"","overlay-color":"","overlay-gradient":""},"mobile":{"background-color":"","background-image":"","background-repeat":"repeat","background-position":"center center","background-size":"auto","background-attachment":"scroll","background-type":"","background-media":"","overlay-type":"","overlay-color":"","overlay-gradient":""}},"ast-content-background-meta":{"desktop":{"background-color":"var(--ast-global-color-5)","background-image":"","background-repeat":"repeat","background-position":"center center","background-size":"auto","background-attachment":"scroll","background-type":"","background-media":"","overlay-type":"","overlay-color":"","overlay-gradient":""},"tablet":{"background-color":"var(--ast-global-color-5)","background-image":"","background-repeat":"repeat","background-position":"center center","background-size":"auto","background-attachment":"scroll","background-type":"","background-media":"","overlay-type":"","overlay-color":"","overlay-gradient":""},"mobile":{"background-color":"var(--ast-global-color-5)","background-image":"","background-repeat":"repeat","background-position":"center center","background-size":"auto","background-attachment":"scroll","background-type":"","background-media":"","overlay-type":"","overlay-color":"","overlay-gradient":""}},"_glsr_average":0,"_glsr_ranking":0,"_glsr_reviews":0,"footnotes":""},"class_list":["post-857","page","type-page","status-publish","hentry"],"yoast_head":"<!-- This site is optimized with the Yoast SEO plugin v21.8 - https:\/\/yoast.com\/wordpress\/plugins\/seo\/ -->\n<title>Erkl\u00e4rung zur Zug\u00e4nglichkeit - Bar Marfil<\/title>\n<meta name=\"description\" content=\"Bar Marfil, aut\u00e9ntica cocina mallorquina. En la antigua carretera de Manacor, km 21\u20195 (junto Cal Dimoni y 4 vents). Platos t\u00edpicos de Mallorca.\" \/>\n<meta name=\"robots\" content=\"index, follow, max-snippet:-1, max-image-preview:large, max-video-preview:-1\" \/>\n<link rel=\"canonical\" href=\"https:\/\/barmarfil.es\/de\/erklaerung-zur-zugaenglichkeit\/\" \/>\n<meta property=\"og:locale\" content=\"de_DE\" \/>\n<meta property=\"og:type\" content=\"article\" \/>\n<meta property=\"og:title\" content=\"Erkl\u00e4rung zur Zug\u00e4nglichkeit - Bar Marfil\" \/>\n<meta property=\"og:description\" content=\"Bar Marfil, aut\u00e9ntica cocina mallorquina. En la antigua carretera de Manacor, km 21\u20195 (junto Cal Dimoni y 4 vents). Platos t\u00edpicos de Mallorca.\" \/>\n<meta property=\"og:url\" content=\"https:\/\/barmarfil.es\/de\/erklaerung-zur-zugaenglichkeit\/\" \/>\n<meta property=\"og:site_name\" content=\"Bar Marfil\" \/>\n<meta property=\"article:modified_time\" content=\"2023-12-13T11:07:51+00:00\" \/>\n<meta name=\"twitter:card\" content=\"summary_large_image\" \/>\n<script type=\"application\/ld+json\" class=\"yoast-schema-graph\">{\"@context\":\"https:\/\/schema.org\",\"@graph\":[{\"@type\":\"WebPage\",\"@id\":\"https:\/\/barmarfil.es\/de\/erklaerung-zur-zugaenglichkeit\/\",\"url\":\"https:\/\/barmarfil.es\/de\/erklaerung-zur-zugaenglichkeit\/\",\"name\":\"Erkl\u00e4rung zur Zug\u00e4nglichkeit - Bar Marfil\",\"isPartOf\":{\"@id\":\"https:\/\/barmarfil.es\/de\/#website\"},\"datePublished\":\"2023-11-20T10:01:33+00:00\",\"dateModified\":\"2023-12-13T11:07:51+00:00\",\"description\":\"Bar Marfil, aut\u00e9ntica cocina mallorquina. En la antigua carretera de Manacor, km 21\u20195 (junto Cal Dimoni y 4 vents). Platos t\u00edpicos de Mallorca.\",\"breadcrumb\":{\"@id\":\"https:\/\/barmarfil.es\/de\/erklaerung-zur-zugaenglichkeit\/#breadcrumb\"},\"inLanguage\":\"de\",\"potentialAction\":[{\"@type\":\"ReadAction\",\"target\":[\"https:\/\/barmarfil.es\/de\/erklaerung-zur-zugaenglichkeit\/\"]}]},{\"@type\":\"BreadcrumbList\",\"@id\":\"https:\/\/barmarfil.es\/de\/erklaerung-zur-zugaenglichkeit\/#breadcrumb\",\"itemListElement\":[{\"@type\":\"ListItem\",\"position\":1,\"name\":\"Portada\",\"item\":\"https:\/\/barmarfil.es\/de\/\"},{\"@type\":\"ListItem\",\"position\":2,\"name\":\"Erkl\u00e4rung zur Zug\u00e4nglichkeit\"}]},{\"@type\":\"WebSite\",\"@id\":\"https:\/\/barmarfil.es\/de\/#website\",\"url\":\"https:\/\/barmarfil.es\/de\/\",\"name\":\"Bar Marfil\",\"description\":\"\",\"potentialAction\":[{\"@type\":\"SearchAction\",\"target\":{\"@type\":\"EntryPoint\",\"urlTemplate\":\"https:\/\/barmarfil.es\/de\/?s={search_term_string}\"},\"query-input\":\"required name=search_term_string\"}],\"inLanguage\":\"de\"}]}<\/script>\n<!-- \/ Yoast SEO plugin. -->","yoast_head_json":{"title":"Erkl\u00e4rung zur Zug\u00e4nglichkeit - Bar Marfil","description":"Bar Marfil, aut\u00e9ntica cocina mallorquina. En la antigua carretera de Manacor, km 21\u20195 (junto Cal Dimoni y 4 vents). Platos t\u00edpicos de Mallorca.","robots":{"index":"index","follow":"follow","max-snippet":"max-snippet:-1","max-image-preview":"max-image-preview:large","max-video-preview":"max-video-preview:-1"},"canonical":"https:\/\/barmarfil.es\/de\/erklaerung-zur-zugaenglichkeit\/","og_locale":"de_DE","og_type":"article","og_title":"Erkl\u00e4rung zur Zug\u00e4nglichkeit - Bar Marfil","og_description":"Bar Marfil, aut\u00e9ntica cocina mallorquina. En la antigua carretera de Manacor, km 21\u20195 (junto Cal Dimoni y 4 vents). Platos t\u00edpicos de Mallorca.","og_url":"https:\/\/barmarfil.es\/de\/erklaerung-zur-zugaenglichkeit\/","og_site_name":"Bar Marfil","article_modified_time":"2023-12-13T11:07:51+00:00","twitter_card":"summary_large_image","schema":{"@context":"https:\/\/schema.org","@graph":[{"@type":"WebPage","@id":"https:\/\/barmarfil.es\/de\/erklaerung-zur-zugaenglichkeit\/","url":"https:\/\/barmarfil.es\/de\/erklaerung-zur-zugaenglichkeit\/","name":"Erkl\u00e4rung zur Zug\u00e4nglichkeit - Bar Marfil","isPartOf":{"@id":"https:\/\/barmarfil.es\/de\/#website"},"datePublished":"2023-11-20T10:01:33+00:00","dateModified":"2023-12-13T11:07:51+00:00","description":"Bar Marfil, aut\u00e9ntica cocina mallorquina. En la antigua carretera de Manacor, km 21\u20195 (junto Cal Dimoni y 4 vents). Platos t\u00edpicos de Mallorca.","breadcrumb":{"@id":"https:\/\/barmarfil.es\/de\/erklaerung-zur-zugaenglichkeit\/#breadcrumb"},"inLanguage":"de","potentialAction":[{"@type":"ReadAction","target":["https:\/\/barmarfil.es\/de\/erklaerung-zur-zugaenglichkeit\/"]}]},{"@type":"BreadcrumbList","@id":"https:\/\/barmarfil.es\/de\/erklaerung-zur-zugaenglichkeit\/#breadcrumb","itemListElement":[{"@type":"ListItem","position":1,"name":"Portada","item":"https:\/\/barmarfil.es\/de\/"},{"@type":"ListItem","position":2,"name":"Erkl\u00e4rung zur Zug\u00e4nglichkeit"}]},{"@type":"WebSite","@id":"https:\/\/barmarfil.es\/de\/#website","url":"https:\/\/barmarfil.es\/de\/","name":"Bar Marfil","description":"","potentialAction":[{"@type":"SearchAction","target":{"@type":"EntryPoint","urlTemplate":"https:\/\/barmarfil.es\/de\/?s={search_term_string}"},"query-input":"required name=search_term_string"}],"inLanguage":"de"}]}},"_links":{"self":[{"href":"https:\/\/barmarfil.es\/de\/wp-json\/wp\/v2\/pages\/857","targetHints":{"allow":["GET"]}}],"collection":[{"href":"https:\/\/barmarfil.es\/de\/wp-json\/wp\/v2\/pages"}],"about":[{"href":"https:\/\/barmarfil.es\/de\/wp-json\/wp\/v2\/types\/page"}],"author":[{"embeddable":true,"href":"https:\/\/barmarfil.es\/de\/wp-json\/wp\/v2\/users\/1"}],"replies":[{"embeddable":true,"href":"https:\/\/barmarfil.es\/de\/wp-json\/wp\/v2\/comments?post=857"}],"version-history":[{"count":3,"href":"https:\/\/barmarfil.es\/de\/wp-json\/wp\/v2\/pages\/857\/revisions"}],"predecessor-version":[{"id":860,"href":"https:\/\/barmarfil.es\/de\/wp-json\/wp\/v2\/pages\/857\/revisions\/860"}],"wp:attachment":[{"href":"https:\/\/barmarfil.es\/de\/wp-json\/wp\/v2\/media?parent=857"}],"curies":[{"name":"wp","href":"https:\/\/api.w.org\/{rel}","templated":true}]}}